{"id":3471,"date":"2022-07-14T13:26:25","date_gmt":"2022-07-14T13:26:25","guid":{"rendered":"https:\/\/belfiusimmo.be\/cookie-policy\/"},"modified":"2026-01-15T10:14:05","modified_gmt":"2026-01-15T10:14:05","slug":"politique-en-matiere-de-cookies","status":"publish","type":"page","link":"https:\/\/belfiusimmo.be\/fr\/politique-en-matiere-de-cookies\/","title":{"rendered":"Politique en mati\u00e8re de cookies"},"content":{"rendered":"<p>[et_pb_section fb_built=\u00a0\u00bb1&Prime; custom_padding_last_edited=\u00a0\u00bbon|phone\u00a0\u00bb _builder_version=\u00a0\u00bb4.22.1&Prime; _module_preset=\u00a0\u00bbdefault\u00a0\u00bb min_height=\u00a0\u00bb100vh\u00a0\u00bb custom_padding=\u00a0\u00bb12rem||5rem||false|false\u00a0\u00bb custom_padding_tablet=\u00a0\u00bb8rem||3rem||false|false\u00a0\u00bb custom_padding_phone=\u00a0\u00bb4rem||||false|false\u00a0\u00bb da_disable_devices=\u00a0\u00bboff|off|off\u00a0\u00bb locked=\u00a0\u00bboff\u00a0\u00bb global_colors_info=\u00a0\u00bb{}\u00a0\u00bb da_is_popup=\u00a0\u00bboff\u00a0\u00bb da_exit_intent=\u00a0\u00bboff\u00a0\u00bb da_has_close=\u00a0\u00bbon\u00a0\u00bb da_alt_close=\u00a0\u00bboff\u00a0\u00bb da_dark_close=\u00a0\u00bboff\u00a0\u00bb da_not_modal=\u00a0\u00bbon\u00a0\u00bb da_is_singular=\u00a0\u00bboff\u00a0\u00bb da_with_loader=\u00a0\u00bboff\u00a0\u00bb da_has_shadow=\u00a0\u00bbon\u00a0\u00bb][et_pb_row custom_padding_last_edited=\u00a0\u00bbon|desktop\u00a0\u00bb _builder_version=\u00a0\u00bb4.22.1&Prime; _module_preset=\u00a0\u00bbdefault\u00a0\u00bb width=\u00a0\u00bb100%\u00a0\u00bb custom_padding=\u00a0\u00bb|23px||24px|false|false\u00a0\u00bb custom_padding_tablet=\u00a0\u00bb|30px||30px|false|false\u00a0\u00bb custom_padding_phone=\u00a0\u00bb|20px||20px|false|false\u00a0\u00bb locked=\u00a0\u00bboff\u00a0\u00bb global_colors_info=\u00a0\u00bb{}\u00a0\u00bb][et_pb_column type=\u00a0\u00bb4_4&Prime; _builder_version=\u00a0\u00bb4.22.1&Prime; _module_preset=\u00a0\u00bbdefault\u00a0\u00bb global_colors_info=\u00a0\u00bb{}\u00a0\u00bb][et_pb_text _builder_version=\u00a0\u00bb4.22.1&Prime; _module_preset=\u00a0\u00bbac7d49e0-6ff8-4f43-8ef0-841bd68cc2f5&Prime; global_colors_info=\u00a0\u00bb{}\u00a0\u00bb]<\/p>\n<h3>Cookies<\/h3>\n<p>[\/et_pb_text][et_pb_text _builder_version=\u00a0\u00bb4.27.5&Prime; _module_preset=\u00a0\u00bbd813b8cc-b9a1-46b1-85b9-236cc429589b\u00a0\u00bb custom_padding=\u00a0\u00bb|||6px||\u00a0\u00bb hover_enabled=\u00a0\u00bb0&Prime; global_colors_info=\u00a0\u00bb{}\u00a0\u00bb sticky_enabled=\u00a0\u00bb0&Prime;]<\/p>\n<p>Notre site web utilisent des cookies et des technologies analogues. Ceux-ci nous permettent notamment de vous offrir une exp\u00e9rience de navigation optimale lorsque vous visitez notre sites web.<\/p>\n<p>La pr\u00e9sente politique en mati\u00e8re de cookies vous informe sur ce que sont les cookies, les fins auxquelles ils sont utilis\u00e9s et la fa\u00e7on dont vous pouvez g\u00e9rer vos param\u00e8tres et pr\u00e9f\u00e9rences. Nous vous fournissons \u00e9galement un relev\u00e9 de tous les cookies que nous publions par cat\u00e9gorie.<\/p>\n<p>Cette politique en mati\u00e8re de cookies s&rsquo;applique aux site web suivant :<\/p>\n<p><strong>Belfiusimmo.be<\/strong> \u2013 Ce site web est g\u00e9r\u00e9\u00a0 par Belfius Immo SA, une soci\u00e9t\u00e9 anonyme ayant son si\u00e8ge social \u00e0 1210 Bruxelles, Place Charles Rogier 11, inscrite au RPM de Bruxelles, dont le num\u00e9ro de TVA est BE 0436.006.090.<\/p>\n<p><strong>1. Que sont les cookies?<\/strong><\/p>\n<p>Les cookies sont de petits fichiers de texte qu&rsquo;un site web installe sur votre ordinateur ou appareil mobile via votre navigateur, \u00e0 titre temporaire ou permanent. Ils comportent des informations (p. ex. votre choix de langue) et sont install\u00e9s ou lus chaque fois que vous visitez le site web ou des pages d\u00e9termin\u00e9es. Les cookies peuvent \u00e9galement \u00eatre install\u00e9s par des tiers avec lesquels Belfius Immo collabore.<\/p>\n<p>Les cookies peuvent avoir diff\u00e9rentes fonctions : prot\u00e9ger le site web contre la fraude, mieux adapter le site web \u00e0 vos pr\u00e9f\u00e9rences, traiter des donn\u00e9es afin d&rsquo;analyser le fonctionnement de notre site web, adapter la publicit\u00e9 \u00e0 vos centres d&rsquo;int\u00e9r\u00eats \u00e9ventuels.<\/p>\n<p><strong>2. Utilisation de cookies sur nos sites web <\/strong><strong><\/strong><\/p>\n<p>Le site web de Belfius Immo utilise des cookies \u00e0 diff\u00e9rentes fins :<\/p>\n<ul>\n<li style=\"list-style-type: none;\">\n<ul>\n<li>Les cookies strictement n\u00e9cessaires nous permettent de prot\u00e9ger nos sites web et d\u2019en garantir le bon fonctionnement. Vu qu\u2019il s\u2019agit de cookies absolument n\u00e9cessaires, vous ne pouvez pas les refuser. Par exemple, nous utilisons ces cookies pour s\u00e9curiser la connexion entre notre serveur et votre session, language.<\/li>\n<\/ul>\n<\/li>\n<\/ul>\n<p>Les cookies ont une date d&rsquo;expiration. Vous pouvez consulter la dur\u00e9e de validit\u00e9 de chaque cookie dans la liste des d\u00e9tails des cookies (voir ci-dessous). Les cookies de session, par exemple, sont automatiquement supprim\u00e9s lorsque vous fermez votre navigateur.<\/p>\n<p>Nous respectons votre vie priv\u00e9e et, \u00e0 l&rsquo;exception des cookies strictement n\u00e9cessaires, nous n&rsquo;installerons donc des cookies que si vous le souhaitez. (voir 3. Gestion des cookies)<\/p>\n<p>Si vous choisissez de ne pas accepter certains cookies, nous ne pourrons peut-\u00eatre pas vous garantir une exp\u00e9rience optimale de nos sites Web ou de nos services.<\/p>\n<p><span>Vous pouvez \u00e0 tout moment ajuster vos pr\u00e9f\u00e9rences dans le menu des cookies, via le bouton \u00ab\u00a0param\u00e9trage des cookies\u00a0\u00bb, que vous pouvez trouver en bas \u00e0 gauche sur chaque page.<\/span><\/p>\n<p>Quels cookies utilisons-nous et \u00e0 quelles fins ? Belfiusimmo classe ses cookies dans l&rsquo;une des cat\u00e9gories suivantes, en fonction de leur finalit\u00e9.<br \/>Nous analysons r\u00e9guli\u00e8rement nos sites web afin de maintenir cette liste \u00e0 jour.<\/p>\n<p>Vous trouverez ci-dessous une liste des cookies que nous utilisons pour chaque cat\u00e9gorie.<\/p>\n<p><strong>Cookies strictement n\u00e9cessaires :<\/strong><\/p>\n<table width=\"997\">\n<thead>\n<tr>\n<td width=\"251\"><strong>Nom<\/strong><\/td>\n<td width=\"184\"><strong>Domain<\/strong><\/td>\n<td width=\"378\"><strong>Description<\/strong><\/td>\n<td width=\"161\"><strong>Dur\u00e9e de validit\u00e9<\/strong><\/td>\n<\/tr>\n<\/thead>\n<tbody>\n<tr>\n<td width=\"251\">TSxxxxxxxx<\/td>\n<td width=\"184\">.belfiusimmo.be<\/td>\n<td width=\"378\">Un cookie pour garantir la fonctionnalit\u00e9 de notre site web.<\/td>\n<td width=\"161\">Session<\/td>\n<\/tr>\n<tr>\n<td width=\"251\">_icl_visitor_lang_js<\/td>\n<td width=\"184\">.belfiusimmo.be<\/td>\n<td width=\"378\">Ce cookie est utilis\u00e9 pour stocker la pr\u00e9f\u00e9rence de langue d&rsquo;un utilisateur pour fournir du contenu dans cette langue stock\u00e9e la prochaine fois que l&rsquo;utilisateur visite le site Web.<\/td>\n<td width=\"161\">1 jour<\/td>\n<\/tr>\n<tr>\n<td width=\"251\">wp-wpml_current_language<\/td>\n<td width=\"184\"><a href=\"https:\/\/wpml.org\/documentation\/privacy-policy-and-gdpr-compliance\/\"><strong>OnTheGoSystems<\/strong><\/a><br \/>belfiusimmo.be<\/td>\n<td width=\"378\">Stocke la langue actuelle. Par d\u00e9faut, ce cookie est d\u00e9fini uniquement pour les utilisateurs connect\u00e9s. Si vous activez le cookie de langue pour prendre en charge le filtrage AJAX, ce cookie sera \u00e9galement d\u00e9fini pour les utilisateurs qui ne sont pas connect\u00e9s.<\/td>\n<td width=\"161\">Session<\/td>\n<\/tr>\n<tr>\n<td width=\"251\">cookieScriptConsent<\/td>\n<td width=\"184\">.belfiusimmo.be<\/td>\n<td width=\"378\">Ce cookie est utilis\u00e9 par le service Cookie-Script.com pour m\u00e9moriser les pr\u00e9f\u00e9rences de consentement des visiteurs en mati\u00e8re de cookies. Il est n\u00e9cessaire que la banni\u00e8re de cookies Cookie-Script.com fonctionne correctement.<\/td>\n<td width=\"161\">1 an<\/td>\n<\/tr>\n<\/tbody>\n<\/table>\n<p>\u00a0Dans certains navigateurs, vous pouvez \u00e9galement choisir de ne pas \u00eatre suivi par les sites web (&lsquo;Do not track&rsquo;). Belfiusimmo tient uniquement compte de son propre m\u00e9canisme de cookies et ne prend pas en charge &lsquo;Do not track&rsquo;.<strong><\/strong><\/p>\n<p><strong>3.<\/strong><strong style=\"font-size: 17px;\"> Gestion des cookies<\/strong><\/p>\n<ul>\n<li><strong>Sur notre site web :<\/strong> lorsque vous visitez l&rsquo;un de nos sites web pour la premi\u00e8re fois, une banni\u00e8re relative aux cookies s&rsquo;affiche, vous permettant d&rsquo;accepter tous nos cookies ou de d\u00e9finir vos pr\u00e9f\u00e9rences par cat\u00e9gorie. <span>Vous pouvez \u00e0 tout moment ajuster vos pr\u00e9f\u00e9rences dans le menu des cookies, via le bouton \u00ab\u00a0param\u00e9trage des cookies\u00a0\u00bb, <\/span>disponible en bas \u00e0 gaucha sur chaque page de notre site web.<br \/>Attention ! Vous pouvez \u00e9galement s\u00e9lectionner certains param\u00e8tres dans votre navigateur concernant l&rsquo;installation de cookies. Si vous bloquez tous les cookies, notre banni\u00e8re relative aux cookies s&rsquo;affichera toujours, m\u00eame si vous s\u00e9lectionnez \u00ab J&rsquo;accepte tous les cookies \u00bb. De plus, certaines parties de notre site web risquent alors de ne pas fonctionner ou de fonctionner moins bien.<\/li>\n<li><strong>Via votre navigateur : <\/strong>La plupart des navigateurs sont configur\u00e9s pour accepter les cookies, mais tous les navigateurs vous permettent de personnaliser les param\u00e8tres selon vos pr\u00e9f\u00e9rences.<br \/>Attention ! Si vous bloquez tous les cookies dans les param\u00e8tres de votre navigateur, notre banni\u00e8re de cookies s&rsquo;affichera toujours, m\u00eame si vous choisissez \u00ab J&rsquo;accepte tous les cookies \u00bb. De plus, certaines parties de notre site web risquent de ne pas fonctionner ou de fonctionner moins bien.<\/li>\n<\/ul>\n<p>Notre site web utilise des cookies pour le rendre plus accessible, afin que vous n&rsquo;ayez pas \u00e0 choisir votre langue et \u00e0 d\u00e9finir vos pr\u00e9f\u00e9rences en mati\u00e8re de cookies \u00e0 chaque visite. Vous souhaitez b\u00e9n\u00e9ficier de ce confort d&rsquo;utilisation ? Dans ce cas, vous pouvez accepter les cookies du domaine Belfiusimmo, m\u00eame si vous bloquez g\u00e9n\u00e9ralement l&rsquo;utilisation des cookies dans votre navigateur.<\/p>\n<p>Vous trouverez ci-dessous plus d&rsquo;informations sur les param\u00e8tres des navigateurs les plus courants. Tous les navigateurs offrent des possibilit\u00e9s de gestion des cookies enregistr\u00e9s sur votre ordinateur\/appareil. Vous pouvez bloquer ou autoriser les cookies, ou vous pouvez sp\u00e9cifier les sites dont vous souhaitez accepter les cookies. Consultez la fonction d&rsquo;aide de votre navigateur ou acc\u00e9dez directement au manuel de votre navigateur via ces liens.<\/p>\n<p>Remarque : si vous effectuez de telles modifications, cela n&rsquo;aura aucun effet sur les cookies qui sont d\u00e9j\u00e0 stock\u00e9s sur votre ordinateur.<\/p>\n<p>Gestion des cookies dans:<\/p>\n<ul>\n<li><a href=\"https:\/\/www.belfius.be\/ext-cookies-edge-fr\">Edge<\/a><\/li>\n<li><a href=\"https:\/\/www.belfius.be\/ext-cookies-chrome-fr\">Chrome<\/a><\/li>\n<li><a href=\"https:\/\/www.belfius.be\/ext-cookies-firefox-fr\">Mozilla Firefox<\/a><\/li>\n<li><a href=\"https:\/\/www.belfius.be\/ext-cookies-safari-fr\">Safari<\/a><strong><\/strong><strong><\/strong><strong><\/strong><\/li>\n<\/ul>\n<p><strong>4. A qui pouvez-vous adresser vos questions<\/strong><\/p>\n<ol><\/ol>\n<p>Vous pouvez contacter notre d\u00e9l\u00e9gu\u00e9 \u00e0 la protection des donn\u00e9es (\u00ab DPO \u00bb) en lui \u00e9crivant \u00e0 l&rsquo;adresse suivante : Belfius, \u00e0 l&rsquo;attention du DPO \u2013 A\u00e9roport de Bruxelles National 1K \u2013 1930 Zaventem ou en envoyant un e-mail \u00e0 <a href=\"mailto:immo.privacy@belfius.be\">immo.privacy@belfius.be<\/a><\/p>\n<p>Si vous souhaitez obtenir plus d&rsquo;informations sur la politique de confidentialit\u00e9 de Belfius Immo, nous vous renvoyons \u00e0 la Charte de confidentialit\u00e9 disponible sur le site web.<\/p>\n<p><strong>5. Modifications apport\u00e9es \u00e0 notre politique de cookies <\/strong><strong><\/strong><\/p>\n<p><strong><\/strong>Belfius Immo se r\u00e9serve le droit de modifier ou d&rsquo;actualiser \u00e0 tout moment la pr\u00e9sente politique en mati\u00e8re de cookies. Veuillez donc toujours tenir compte de la version la plus r\u00e9cente disponible sur nos sites web, accessible via le lien \u00ab <a href=\"https:\/\/belfiusimmo.be\/fr\/politique-en-matiere-de-cookies\/\">Politique en mati\u00e8re de cookies<\/a>\u00a0\u00bb pr\u00e9sent sur chaque page.<\/p>\n<p>[\/et_pb_text][\/et_pb_column][\/et_pb_row][\/et_pb_section]<\/p>\n","protected":false},"excerpt":{"rendered":"<p>CookiesNotre site web utilisent des cookies et des technologies analogues. Ceux-ci nous permettent notamment de vous offrir une exp\u00e9rience de navigation optimale lorsque vous visitez notre sites web. La pr\u00e9sente politique en mati\u00e8re de cookies vous informe sur ce que sont les cookies, les fins auxquelles ils sont utilis\u00e9s et la fa\u00e7on dont vous pouvez g\u00e9rer vos param\u00e8tres et pr\u00e9f\u00e9rences. Nous vous fournissons \u00e9galement un relev\u00e9 de tous les cookies que nous publions par cat\u00e9gorie. Cette politique en mati\u00e8re de cookies s&rsquo;applique aux site web suivant : Belfiusimmo.be \u2013 Ce site web est g\u00e9r\u00e9\u00a0 par Belfius Immo SA, une soci\u00e9t\u00e9 anonyme ayant son si\u00e8ge social \u00e0 1210 Bruxelles, Place Charles Rogier 11, inscrite au RPM de Bruxelles, dont le num\u00e9ro de TVA est BE 0436.006.090. 1. Que sont les cookies? Les cookies sont de petits fichiers de texte qu&rsquo;un site web installe sur votre ordinateur ou appareil mobile via votre navigateur, \u00e0 titre temporaire ou permanent. Ils comportent des informations (p. ex. votre choix de langue) et sont install\u00e9s ou lus chaque fois que vous visitez le site web ou des pages d\u00e9termin\u00e9es. Les cookies peuvent \u00e9galement \u00eatre install\u00e9s par des tiers avec lesquels Belfius Immo collabore. Les cookies peuvent [&hellip;]<\/p>\n","protected":false},"author":1,"featured_media":0,"parent":0,"menu_order":0,"comment_status":"closed","ping_status":"closed","template":"","meta":{"_acf_changed":false,"_et_pb_use_builder":"on","_et_pb_old_content":"<!-- wp:divi\/placeholder \/-->\r\n<p><strong>\u00b7\u00a0\u00a0\u00a0\u00a0\u00a0\u00a0\u00a0\u00a0\u00a0Cookies<\/strong><br \/>Lorsque vous consultez ce site, Belfius Banque envoie dans certaines circonstances et de mani\u00e8re automatis\u00e9e des \u00ab cookies \u00bb \u00e0 votre ordinateur. Il s'agit de petites applications qui sont enregistr\u00e9es sur votre disque dur. Ces applications sont surtout destin\u00e9es \u00e0 faciliter votre utilisation du site. Elles enregistrent notamment le choix de la langue lors de votre premi\u00e8re visite du site, afin que, lors de la visite suivante, vous obteniez automatiquement la langue choisie lors de votre premi\u00e8re visite.<br \/>Si vous ne souhaitez pas que ces cookies soient enregistr\u00e9s sur votre disque dur, vous pouvez configurer votre navigateur (explorateur internet) de mani\u00e8re \u00e0 ce que ces cookies ne puissent pas \u00eatre enregistr\u00e9s sur votre disque dur.<br \/>Dans ce cas, Belfius Banque ne peut toutefois pas garantir le fonctionnement correct des sites sous son contr\u00f4le. Pour plus d\u2019informations sur l\u2019utilisation des cookies, vous pouvez consulter le document \"Gestion des cookies de Belfius Banque\".\u00a0Ce document est disponible sur\u00a0<a href=\"https:\/\/www.belfius.be\/retail\/fr\/reglements-et-tarifs\/gestion-des-cookies\/index.aspx\" target=\"_blank\" rel=\"noopener\">belfius.be\/cookies<\/a><\/p>","_et_gb_content_width":"","inline_featured_image":false,"footnotes":""},"dipi_cpt_category":[],"class_list":["post-3471","page","type-page","status-publish","hentry"],"acf":[],"yoast_head":"<!-- This site is optimized with the Yoast SEO plugin v27.3 - https:\/\/yoast.com\/product\/yoast-seo-wordpress\/ -->\n<title>Politique en mati\u00e8re de cookies - Belfius<\/title>\n<meta name=\"robots\" content=\"index, follow, max-snippet:-1, max-image-preview:large, max-video-preview:-1\" \/>\n<link rel=\"canonical\" href=\"https:\/\/belfiusimmo.be\/cookie-policy\/\" \/>\n<meta property=\"og:locale\" content=\"fr_FR\" \/>\n<meta property=\"og:type\" content=\"article\" \/>\n<meta property=\"og:title\" content=\"Politique en mati\u00e8re de cookies - Belfius\" \/>\n<meta property=\"og:description\" content=\"CookiesNotre site web utilisent des cookies et des technologies analogues. Ceux-ci nous permettent notamment de vous offrir une exp\u00e9rience de navigation optimale lorsque vous visitez notre sites web. La pr\u00e9sente politique en mati\u00e8re de cookies vous informe sur ce que sont les cookies, les fins auxquelles ils sont utilis\u00e9s et la fa\u00e7on dont vous pouvez g\u00e9rer vos param\u00e8tres et pr\u00e9f\u00e9rences. Nous vous fournissons \u00e9galement un relev\u00e9 de tous les cookies que nous publions par cat\u00e9gorie. Cette politique en mati\u00e8re de cookies s&#039;applique aux site web suivant : Belfiusimmo.be \u2013 Ce site web est g\u00e9r\u00e9\u00a0 par Belfius Immo SA, une soci\u00e9t\u00e9 anonyme ayant son si\u00e8ge social \u00e0 1210 Bruxelles, Place Charles Rogier 11, inscrite au RPM de Bruxelles, dont le num\u00e9ro de TVA est BE 0436.006.090. 1. Que sont les cookies? Les cookies sont de petits fichiers de texte qu&#039;un site web installe sur votre ordinateur ou appareil mobile via votre navigateur, \u00e0 titre temporaire ou permanent. Ils comportent des informations (p. ex. votre choix de langue) et sont install\u00e9s ou lus chaque fois que vous visitez le site web ou des pages d\u00e9termin\u00e9es. Les cookies peuvent \u00e9galement \u00eatre install\u00e9s par des tiers avec lesquels Belfius Immo collabore. Les cookies peuvent [&hellip;]\" \/>\n<meta property=\"og:site_name\" content=\"Belfius\" \/>\n<meta property=\"article:modified_time\" content=\"2026-01-15T10:14:05+00:00\" \/>\n<meta name=\"twitter:card\" content=\"summary_large_image\" \/>\n<script type=\"application\/ld+json\" class=\"yoast-schema-graph\">{\"@context\":\"https:\\\/\\\/schema.org\",\"@graph\":[{\"@type\":\"WebPage\",\"@id\":\"https:\\\/\\\/belfiusimmo.be\\\/cookie-policy\\\/\",\"url\":\"https:\\\/\\\/belfiusimmo.be\\\/cookie-policy\\\/\",\"name\":\"Politique en mati\u00e8re de cookies - Belfius\",\"isPartOf\":{\"@id\":\"https:\\\/\\\/belfiusimmo.be\\\/#website\"},\"datePublished\":\"2022-07-14T13:26:25+00:00\",\"dateModified\":\"2026-01-15T10:14:05+00:00\",\"breadcrumb\":{\"@id\":\"https:\\\/\\\/belfiusimmo.be\\\/cookie-policy\\\/#breadcrumb\"},\"inLanguage\":\"fr-FR\",\"potentialAction\":[{\"@type\":\"ReadAction\",\"target\":[\"https:\\\/\\\/belfiusimmo.be\\\/cookie-policy\\\/\"]}]},{\"@type\":\"BreadcrumbList\",\"@id\":\"https:\\\/\\\/belfiusimmo.be\\\/cookie-policy\\\/#breadcrumb\",\"itemListElement\":[{\"@type\":\"ListItem\",\"position\":1,\"name\":\"Home\",\"item\":\"https:\\\/\\\/belfiusimmo.be\\\/\"},{\"@type\":\"ListItem\",\"position\":2,\"name\":\"Politique en mati\u00e8re de cookies\"}]},{\"@type\":\"WebSite\",\"@id\":\"https:\\\/\\\/belfiusimmo.be\\\/#website\",\"url\":\"https:\\\/\\\/belfiusimmo.be\\\/\",\"name\":\"Belfius\",\"description\":\"Experts in Real Estate\",\"potentialAction\":[{\"@type\":\"SearchAction\",\"target\":{\"@type\":\"EntryPoint\",\"urlTemplate\":\"https:\\\/\\\/belfiusimmo.be\\\/?s={search_term_string}\"},\"query-input\":{\"@type\":\"PropertyValueSpecification\",\"valueRequired\":true,\"valueName\":\"search_term_string\"}}],\"inLanguage\":\"fr-FR\"}]}<\/script>\n<!-- \/ Yoast SEO plugin. -->","yoast_head_json":{"title":"Politique en mati\u00e8re de cookies - Belfius","robots":{"index":"index","follow":"follow","max-snippet":"max-snippet:-1","max-image-preview":"max-image-preview:large","max-video-preview":"max-video-preview:-1"},"canonical":"https:\/\/belfiusimmo.be\/cookie-policy\/","og_locale":"fr_FR","og_type":"article","og_title":"Politique en mati\u00e8re de cookies - Belfius","og_description":"CookiesNotre site web utilisent des cookies et des technologies analogues. Ceux-ci nous permettent notamment de vous offrir une exp\u00e9rience de navigation optimale lorsque vous visitez notre sites web. La pr\u00e9sente politique en mati\u00e8re de cookies vous informe sur ce que sont les cookies, les fins auxquelles ils sont utilis\u00e9s et la fa\u00e7on dont vous pouvez g\u00e9rer vos param\u00e8tres et pr\u00e9f\u00e9rences. Nous vous fournissons \u00e9galement un relev\u00e9 de tous les cookies que nous publions par cat\u00e9gorie. Cette politique en mati\u00e8re de cookies s'applique aux site web suivant : Belfiusimmo.be \u2013 Ce site web est g\u00e9r\u00e9\u00a0 par Belfius Immo SA, une soci\u00e9t\u00e9 anonyme ayant son si\u00e8ge social \u00e0 1210 Bruxelles, Place Charles Rogier 11, inscrite au RPM de Bruxelles, dont le num\u00e9ro de TVA est BE 0436.006.090. 1. Que sont les cookies? Les cookies sont de petits fichiers de texte qu'un site web installe sur votre ordinateur ou appareil mobile via votre navigateur, \u00e0 titre temporaire ou permanent. Ils comportent des informations (p. ex. votre choix de langue) et sont install\u00e9s ou lus chaque fois que vous visitez le site web ou des pages d\u00e9termin\u00e9es. Les cookies peuvent \u00e9galement \u00eatre install\u00e9s par des tiers avec lesquels Belfius Immo collabore. Les cookies peuvent [&hellip;]","og_site_name":"Belfius","article_modified_time":"2026-01-15T10:14:05+00:00","twitter_card":"summary_large_image","schema":{"@context":"https:\/\/schema.org","@graph":[{"@type":"WebPage","@id":"https:\/\/belfiusimmo.be\/cookie-policy\/","url":"https:\/\/belfiusimmo.be\/cookie-policy\/","name":"Politique en mati\u00e8re de cookies - Belfius","isPartOf":{"@id":"https:\/\/belfiusimmo.be\/#website"},"datePublished":"2022-07-14T13:26:25+00:00","dateModified":"2026-01-15T10:14:05+00:00","breadcrumb":{"@id":"https:\/\/belfiusimmo.be\/cookie-policy\/#breadcrumb"},"inLanguage":"fr-FR","potentialAction":[{"@type":"ReadAction","target":["https:\/\/belfiusimmo.be\/cookie-policy\/"]}]},{"@type":"BreadcrumbList","@id":"https:\/\/belfiusimmo.be\/cookie-policy\/#breadcrumb","itemListElement":[{"@type":"ListItem","position":1,"name":"Home","item":"https:\/\/belfiusimmo.be\/"},{"@type":"ListItem","position":2,"name":"Politique en mati\u00e8re de cookies"}]},{"@type":"WebSite","@id":"https:\/\/belfiusimmo.be\/#website","url":"https:\/\/belfiusimmo.be\/","name":"Belfius","description":"Experts in Real Estate","potentialAction":[{"@type":"SearchAction","target":{"@type":"EntryPoint","urlTemplate":"https:\/\/belfiusimmo.be\/?s={search_term_string}"},"query-input":{"@type":"PropertyValueSpecification","valueRequired":true,"valueName":"search_term_string"}}],"inLanguage":"fr-FR"}]}},"_links":{"self":[{"href":"https:\/\/belfiusimmo.be\/fr\/wp-json\/wp\/v2\/pages\/3471","targetHints":{"allow":["GET"]}}],"collection":[{"href":"https:\/\/belfiusimmo.be\/fr\/wp-json\/wp\/v2\/pages"}],"about":[{"href":"https:\/\/belfiusimmo.be\/fr\/wp-json\/wp\/v2\/types\/page"}],"author":[{"embeddable":true,"href":"https:\/\/belfiusimmo.be\/fr\/wp-json\/wp\/v2\/users\/1"}],"replies":[{"embeddable":true,"href":"https:\/\/belfiusimmo.be\/fr\/wp-json\/wp\/v2\/comments?post=3471"}],"version-history":[{"count":5,"href":"https:\/\/belfiusimmo.be\/fr\/wp-json\/wp\/v2\/pages\/3471\/revisions"}],"predecessor-version":[{"id":473727,"href":"https:\/\/belfiusimmo.be\/fr\/wp-json\/wp\/v2\/pages\/3471\/revisions\/473727"}],"wp:attachment":[{"href":"https:\/\/belfiusimmo.be\/fr\/wp-json\/wp\/v2\/media?parent=3471"}],"wp:term":[{"taxonomy":"dipi_cpt_category","embeddable":true,"href":"https:\/\/belfiusimmo.be\/fr\/wp-json\/wp\/v2\/dipi_cpt_category?post=3471"}],"curies":[{"name":"wp","href":"https:\/\/api.w.org\/{rel}","templated":true}]}}